{"id":71,"date":"2023-05-02T09:13:54","date_gmt":"2023-05-02T09:13:54","guid":{"rendered":"https:\/\/atelap.es\/about\/"},"modified":"2023-06-07T17:32:42","modified_gmt":"2023-06-07T17:32:42","slug":"informacion-negocio-gruas-atelap","status":"publish","type":"page","link":"https:\/\/atelap.es\/en\/informacion-negocio-gruas-atelap\/","title":{"rendered":"We"},"content":{"rendered":"<div data-elementor-type=\"wp-page\" data-elementor-id=\"71\" class=\"elementor elementor-71\" data-elementor-post-type=\"page\">\n\t\t\t\t<div class=\"elementor-element elementor-element-23bfdf8d e-con-full e-flex e-con e-parent\" data-id=\"23bfdf8d\" data-element_type=\"container\" data-e-type=\"container\">\n\t\t<div class=\"elementor-element elementor-element-b3febfc e-con-full e-flex e-con e-parent\" data-id=\"b3febfc\" data-element_type=\"container\" data-e-type=\"container\">\n\t\t\t\t<div class=\"elementor-element elementor-element-2081fa83 elementor-widget elementor-widget-heading\" data-id=\"2081fa83\" data-element_type=\"widget\" data-e-type=\"widget\" data-widget_type=\"heading.default\">\n\t\t\t\t<div class=\"elementor-widget-container\">\n\t\t\t\t\t<h1 class=\"elementor-heading-title elementor-size-default\">Our mission<\/h1>\t\t\t\t<\/div>\n\t\t\t\t<\/div>\n\t\t\t\t<div class=\"elementor-element elementor-element-1420eb3 elementor-widget elementor-widget-text-editor\" data-id=\"1420eb3\" data-element_type=\"widget\" data-e-type=\"widget\" data-widget_type=\"text-editor.default\">\n\t\t\t\t<div class=\"elementor-widget-container\">\n\t\t\t\t\t\t\t\t\t<p>At our roadside assistance company, our mission is to provide our customers with a complete and efficient service in emergency situations on the road. We are proud to be a benchmark in the roadside assistance market, providing high quality services with a highly trained and experienced team.<\/p><p>\u00a0<\/p>\t\t\t\t\t\t\t\t<\/div>\n\t\t\t\t<\/div>\n\t\t\t\t<\/div>\n\t\t<div class=\"elementor-element elementor-element-79635b6b e-con-full e-flex e-con e-parent\" data-id=\"79635b6b\" data-element_type=\"container\" data-e-type=\"container\" data-settings=\"{&quot;background_background&quot;:&quot;classic&quot;}\">\n\t\t\t\t<\/div>\n\t\t\t\t<\/div>\n\t\t<div class=\"elementor-element elementor-element-76bf9fd1 e-con-full e-flex e-con e-parent\" data-id=\"76bf9fd1\" data-element_type=\"container\" data-e-type=\"container\">\n\t\t<div class=\"elementor-element elementor-element-4a70b25 e-con-full e-flex e-con e-parent\" data-id=\"4a70b25\" data-element_type=\"container\" data-e-type=\"container\" data-settings=\"{&quot;background_background&quot;:&quot;classic&quot;}\">\n\t\t\t\t<\/div>\n\t\t<div class=\"elementor-element elementor-element-4c6e1e33 e-con-full e-flex e-con e-parent\" data-id=\"4c6e1e33\" data-element_type=\"container\" data-e-type=\"container\">\n\t\t\t\t<div class=\"elementor-element elementor-element-3c48b2cf elementor-widget elementor-widget-heading\" data-id=\"3c48b2cf\" data-element_type=\"widget\" data-e-type=\"widget\" data-widget_type=\"heading.default\">\n\t\t\t\t<div class=\"elementor-widget-container\">\n\t\t\t\t\t<h2 class=\"elementor-heading-title elementor-size-default\">Our vision<\/h2>\t\t\t\t<\/div>\n\t\t\t\t<\/div>\n\t\t\t\t<div class=\"elementor-element elementor-element-756b36a3 elementor-widget elementor-widget-text-editor\" data-id=\"756b36a3\" data-element_type=\"widget\" data-e-type=\"widget\" data-widget_type=\"text-editor.default\">\n\t\t\t\t<div class=\"elementor-widget-container\">\n\t\t\t\t\t\t\t\t\t<p>Our vision is to become the leading towing roadside assistance company, always working to the highest standards of quality and professionalism. We strive to provide our customers with a reliable and efficient roadside assistance service, so that they can enjoy the peace of mind of knowing that they can always count on us in case of any problem on the road. We are committed to constantly working to improve our services and to always be the best choice for our customers.<\/p><p>\u00a0<\/p><p>\u00a0<\/p><p>\u00a0<\/p><p>\u00a0<\/p><p>\u00a0<\/p>\t\t\t\t\t\t\t\t<\/div>\n\t\t\t\t<\/div>\n\t\t\t\t<\/div>\n\t\t\t\t<\/div>\n\t\t<div class=\"elementor-element elementor-element-6e9d947b elementor-hidden-desktop elementor-hidden-tablet elementor-hidden-mobile e-flex e-con-boxed e-con e-parent\" data-id=\"6e9d947b\" data-element_type=\"container\" data-e-type=\"container\">\n\t\t\t\t\t<div class=\"e-con-inner\">\n\t\t\t\t<div class=\"elementor-element elementor-element-3b3c28bf elementor-widget elementor-widget-heading\" data-id=\"3b3c28bf\" data-element_type=\"widget\" data-e-type=\"widget\" data-widget_type=\"heading.default\">\n\t\t\t\t<div class=\"elementor-widget-container\">\n\t\t\t\t\t<h2 class=\"elementor-heading-title elementor-size-default\">Company Founders<\/h2>\t\t\t\t<\/div>\n\t\t\t\t<\/div>\n\t\t<div class=\"elementor-element elementor-element-1103bdf9 e-con-full e-flex e-con e-parent\" data-id=\"1103bdf9\" data-element_type=\"container\" data-e-type=\"container\">\n\t\t\t\t<div class=\"elementor-element elementor-element-658423ea elementor-widget__width-initial elementor-widget-mobile__width-inherit elementor-position-top elementor-widget elementor-widget-image-box\" data-id=\"658423ea\" data-element_type=\"widget\" data-e-type=\"widget\" data-widget_type=\"image-box.default\">\n\t\t\t\t<div class=\"elementor-widget-container\">\n\t\t\t\t\t<div class=\"elementor-image-box-wrapper\"><figure class=\"elementor-image-box-img\"><img decoding=\"async\" src=\"https:\/\/atelap.es\/wp-content\/uploads\/2023\/05\/Image_Placeholder-13122021.jpg\" title=\"\" alt=\"\" class=\"elementor-animation-grow\" loading=\"lazy\" \/><\/figure><div class=\"elementor-image-box-content\"><h4 class=\"elementor-image-box-title\">Employee Name, Job title<\/h4><p class=\"elementor-image-box-description\">A short biography of the employee and why their background should inspire potential clients' confidence.<\/p><\/div><\/div>\t\t\t\t<\/div>\n\t\t\t\t<\/div>\n\t\t\t\t<div class=\"elementor-element elementor-element-38035967 elementor-widget__width-initial elementor-widget-mobile__width-inherit elementor-position-top elementor-widget elementor-widget-image-box\" data-id=\"38035967\" data-element_type=\"widget\" data-e-type=\"widget\" data-widget_type=\"image-box.default\">\n\t\t\t\t<div class=\"elementor-widget-container\">\n\t\t\t\t\t<div class=\"elementor-image-box-wrapper\"><figure class=\"elementor-image-box-img\"><img decoding=\"async\" src=\"https:\/\/atelap.es\/wp-content\/uploads\/2023\/05\/Image_Placeholder-13122021.jpg\" title=\"\" alt=\"\" class=\"elementor-animation-grow\" loading=\"lazy\" \/><\/figure><div class=\"elementor-image-box-content\"><h4 class=\"elementor-image-box-title\">Employee Name, Job title<\/h4><p class=\"elementor-image-box-description\">A short biography of the employee and why their background should inspire potential clients' confidence.<\/p><\/div><\/div>\t\t\t\t<\/div>\n\t\t\t\t<\/div>\n\t\t\t\t<div class=\"elementor-element elementor-element-73dd856 elementor-widget__width-initial elementor-widget-mobile__width-inherit elementor-position-top elementor-widget elementor-widget-image-box\" data-id=\"73dd856\" data-element_type=\"widget\" data-e-type=\"widget\" data-widget_type=\"image-box.default\">\n\t\t\t\t<div class=\"elementor-widget-container\">\n\t\t\t\t\t<div class=\"elementor-image-box-wrapper\"><figure class=\"elementor-image-box-img\"><img decoding=\"async\" src=\"https:\/\/atelap.es\/wp-content\/uploads\/2023\/05\/Image_Placeholder-13122021.jpg\" title=\"\" alt=\"\" class=\"elementor-animation-grow\" loading=\"lazy\" \/><\/figure><div class=\"elementor-image-box-content\"><h4 class=\"elementor-image-box-title\">Employee Name, Job title<\/h4><p class=\"elementor-image-box-description\">A short biography of the employee and why their background should inspire potential clients' confidence.<\/p><\/div><\/div>\t\t\t\t<\/div>\n\t\t\t\t<\/div>\n\t\t\t\t<\/div>\n\t\t\t\t\t<\/div>\n\t\t\t\t<\/div>\n\t\t<div class=\"elementor-element elementor-element-7856174 e-flex e-con-boxed e-con e-parent\" data-id=\"7856174\" data-element_type=\"container\" data-e-type=\"container\" data-settings=\"{&quot;background_background&quot;:&quot;classic&quot;}\">\n\t\t\t\t\t<div class=\"e-con-inner\">\n\t\t\t\t<div class=\"elementor-element elementor-element-5c896f69 elementor-view-default elementor-position-block-start elementor-mobile-position-block-start elementor-widget elementor-widget-icon-box\" data-id=\"5c896f69\" data-element_type=\"widget\" data-e-type=\"widget\" data-widget_type=\"icon-box.default\">\n\t\t\t\t<div class=\"elementor-widget-container\">\n\t\t\t\t\t\t\t<div class=\"elementor-icon-box-wrapper\">\n\n\t\t\t\t\t\t<div class=\"elementor-icon-box-icon\">\n\t\t\t\t<span  class=\"elementor-icon\">\n\t\t\t\t<svg xmlns=\"http:\/\/www.w3.org\/2000\/svg\" id=\"a4a99671-1fc3-4568-98bf-7fc5746e910a\" data-name=\"Layer 1\" width=\"114\" height=\"79\" viewbox=\"0 0 114 79\"><polygon points=\"32.677 0 0 78.265 36.391 78.265 57.928 0 32.677 0\"><\/polygon><polygon points=\"88.749 0.735 56.072 79 92.463 79 114 0.735 88.749 0.735\"><\/polygon><\/svg>\t\t\t\t<\/span>\n\t\t\t<\/div>\n\t\t\t\n\t\t\t\t\t\t<div class=\"elementor-icon-box-content\">\n\n\t\t\t\t\t\t\t\t\t<h3 class=\"elementor-icon-box-title\">\n\t\t\t\t\t\t<span  >\n\t\t\t\t\t\t\t24 hours a day, 365 days a year.\t\t\t\t\t\t<\/span>\n\t\t\t\t\t<\/h3>\n\t\t\t\t\n\t\t\t\t\t\t\t\t\t<p class=\"elementor-icon-box-description\">\n\t\t\t\t\t\tBlanca - CEO\/Founder\t\t\t\t\t<\/p>\n\t\t\t\t\n\t\t\t<\/div>\n\t\t\t\n\t\t<\/div>\n\t\t\t\t\t\t<\/div>\n\t\t\t\t<\/div>\n\t\t\t\t\t<\/div>\n\t\t\t\t<\/div>\n\t\t<div class=\"elementor-element elementor-element-50dbce45 elementor-hidden-desktop elementor-hidden-tablet elementor-hidden-mobile e-flex e-con-boxed e-con e-parent\" data-id=\"50dbce45\" data-element_type=\"container\" data-e-type=\"container\">\n\t\t\t\t\t<div class=\"e-con-inner\">\n\t\t\t\t<div class=\"elementor-element elementor-element-4bda2ee8 elementor-widget elementor-widget-heading\" data-id=\"4bda2ee8\" data-element_type=\"widget\" data-e-type=\"widget\" data-widget_type=\"heading.default\">\n\t\t\t\t<div class=\"elementor-widget-container\">\n\t\t\t\t\t<h2 class=\"elementor-heading-title elementor-size-default\">Client Testimonials<\/h2>\t\t\t\t<\/div>\n\t\t\t\t<\/div>\n\t\t<div class=\"elementor-element elementor-element-3d6a4f6a e-con-full e-flex e-con e-parent\" data-id=\"3d6a4f6a\" data-element_type=\"container\" data-e-type=\"container\">\n\t\t\t\t<div class=\"elementor-element elementor-element-2ceeff43 elementor-widget__width-initial elementor-widget-tablet__width-inherit elementor-widget elementor-widget-testimonial\" data-id=\"2ceeff43\" data-element_type=\"widget\" data-e-type=\"widget\" data-widget_type=\"testimonial.default\">\n\t\t\t\t<div class=\"elementor-widget-container\">\n\t\t\t\t\t\t\t<div class=\"elementor-testimonial-wrapper\">\n\t\t\t\t\t\t\t<div class=\"elementor-testimonial-content\">\"A testimonial from a customer who benefited from your product or service. Testimonials can be a highly effective way of establishing credibility and increasing your company's reputation\".<\/div>\n\t\t\t\n\t\t\t\t\t\t<div class=\"elementor-testimonial-meta elementor-has-image elementor-testimonial-image-position-aside\">\n\t\t\t\t<div class=\"elementor-testimonial-meta-inner\">\n\t\t\t\t\t\t\t\t\t\t\t<div class=\"elementor-testimonial-image\">\n\t\t\t\t\t\t\t<img decoding=\"async\" width=\"63\" height=\"63\" src=\"https:\/\/atelap.es\/wp-content\/uploads\/2023\/05\/63x63.jpg\" class=\"attachment-full size-full wp-image-19\" alt=\"\" srcset=\"https:\/\/atelap.es\/wp-content\/uploads\/2023\/05\/63x63.jpg 63w, https:\/\/atelap.es\/wp-content\/uploads\/2023\/05\/63x63-12x12.jpg 12w\" sizes=\"(max-width: 63px) 100vw, 63px\" \/>\t\t\t\t\t\t<\/div>\n\t\t\t\t\t\n\t\t\t\t\t\t\t\t\t\t<div class=\"elementor-testimonial-details\">\n\t\t\t\t\t\t\t\t\t\t\t\t\t\t<div class=\"elementor-testimonial-name\">Client Name<\/div>\n\t\t\t\t\t\t\t\t\t\t\t\t\t\t\t\t\t\t\t<\/div>\n\t\t\t\t\t\t\t\t\t<\/div>\n\t\t\t<\/div>\n\t\t\t\t\t<\/div>\n\t\t\t\t\t\t<\/div>\n\t\t\t\t<\/div>\n\t\t\t\t<div class=\"elementor-element elementor-element-59880c1f elementor-widget__width-initial elementor-widget-tablet__width-inherit elementor-widget elementor-widget-testimonial\" data-id=\"59880c1f\" data-element_type=\"widget\" data-e-type=\"widget\" data-widget_type=\"testimonial.default\">\n\t\t\t\t<div class=\"elementor-widget-container\">\n\t\t\t\t\t\t\t<div class=\"elementor-testimonial-wrapper\">\n\t\t\t\t\t\t\t<div class=\"elementor-testimonial-content\">\"A testimonial from a customer who benefited from your product or service. Testimonials can be a highly effective way of establishing credibility and increasing your company's reputation\".<\/div>\n\t\t\t\n\t\t\t\t\t\t<div class=\"elementor-testimonial-meta elementor-has-image elementor-testimonial-image-position-aside\">\n\t\t\t\t<div class=\"elementor-testimonial-meta-inner\">\n\t\t\t\t\t\t\t\t\t\t\t<div class=\"elementor-testimonial-image\">\n\t\t\t\t\t\t\t<img decoding=\"async\" width=\"63\" height=\"63\" src=\"https:\/\/atelap.es\/wp-content\/uploads\/2023\/05\/63x63.jpg\" class=\"attachment-full size-full wp-image-19\" alt=\"\" srcset=\"https:\/\/atelap.es\/wp-content\/uploads\/2023\/05\/63x63.jpg 63w, https:\/\/atelap.es\/wp-content\/uploads\/2023\/05\/63x63-12x12.jpg 12w\" sizes=\"(max-width: 63px) 100vw, 63px\" \/>\t\t\t\t\t\t<\/div>\n\t\t\t\t\t\n\t\t\t\t\t\t\t\t\t\t<div class=\"elementor-testimonial-details\">\n\t\t\t\t\t\t\t\t\t\t\t\t\t\t<div class=\"elementor-testimonial-name\">Client Name<\/div>\n\t\t\t\t\t\t\t\t\t\t\t\t\t\t\t\t\t\t\t<\/div>\n\t\t\t\t\t\t\t\t\t<\/div>\n\t\t\t<\/div>\n\t\t\t\t\t<\/div>\n\t\t\t\t\t\t<\/div>\n\t\t\t\t<\/div>\n\t\t\t\t<div class=\"elementor-element elementor-element-7bc5d424 elementor-widget__width-initial elementor-widget-tablet__width-inherit elementor-widget elementor-widget-testimonial\" data-id=\"7bc5d424\" data-element_type=\"widget\" data-e-type=\"widget\" data-widget_type=\"testimonial.default\">\n\t\t\t\t<div class=\"elementor-widget-container\">\n\t\t\t\t\t\t\t<div class=\"elementor-testimonial-wrapper\">\n\t\t\t\t\t\t\t<div class=\"elementor-testimonial-content\">\"A testimonial from a customer who benefited from your product or service. Testimonials can be a highly effective way of establishing credibility and increasing your company's reputation\".<\/div>\n\t\t\t\n\t\t\t\t\t\t<div class=\"elementor-testimonial-meta elementor-has-image elementor-testimonial-image-position-aside\">\n\t\t\t\t<div class=\"elementor-testimonial-meta-inner\">\n\t\t\t\t\t\t\t\t\t\t\t<div class=\"elementor-testimonial-image\">\n\t\t\t\t\t\t\t<img decoding=\"async\" width=\"63\" height=\"63\" src=\"https:\/\/atelap.es\/wp-content\/uploads\/2023\/05\/63x63.jpg\" class=\"attachment-full size-full wp-image-19\" alt=\"\" srcset=\"https:\/\/atelap.es\/wp-content\/uploads\/2023\/05\/63x63.jpg 63w, https:\/\/atelap.es\/wp-content\/uploads\/2023\/05\/63x63-12x12.jpg 12w\" sizes=\"(max-width: 63px) 100vw, 63px\" \/>\t\t\t\t\t\t<\/div>\n\t\t\t\t\t\n\t\t\t\t\t\t\t\t\t\t<div class=\"elementor-testimonial-details\">\n\t\t\t\t\t\t\t\t\t\t\t\t\t\t<div class=\"elementor-testimonial-name\">Client Name<\/div>\n\t\t\t\t\t\t\t\t\t\t\t\t\t\t\t\t\t\t\t<\/div>\n\t\t\t\t\t\t\t\t\t<\/div>\n\t\t\t<\/div>\n\t\t\t\t\t<\/div>\n\t\t\t\t\t\t<\/div>\n\t\t\t\t<\/div>\n\t\t\t\t<\/div>\n\t\t\t\t\t<\/div>\n\t\t\t\t<\/div>\n\t\t\t\t<\/div>","protected":false},"excerpt":{"rendered":"<p>Nuestra misi\u00f3n En nuestra empresa de asistencia de gr\u00faa en carretera, nuestra misi\u00f3n es proporcionar a nuestros clientes un servicio completo y eficiente en situaciones de emergencia en la carretera. Nos enorgullece ser un referente en el mercado de la asistencia en carretera, brindando servicios de alta calidad con un equipo altamente capacitado y experimentado. [&hellip;]<\/p>\n","protected":false},"author":4,"featured_media":0,"parent":0,"menu_order":0,"comment_status":"closed","ping_status":"closed","template":"elementor_header_footer","meta":{"footnotes":""},"class_list":["post-71","page","type-page","status-publish","hentry"],"_links":{"self":[{"href":"https:\/\/atelap.es\/en\/wp-json\/wp\/v2\/pages\/71","targetHints":{"allow":["GET"]}}],"collection":[{"href":"https:\/\/atelap.es\/en\/wp-json\/wp\/v2\/pages"}],"about":[{"href":"https:\/\/atelap.es\/en\/wp-json\/wp\/v2\/types\/page"}],"author":[{"embeddable":true,"href":"https:\/\/atelap.es\/en\/wp-json\/wp\/v2\/users\/4"}],"replies":[{"embeddable":true,"href":"https:\/\/atelap.es\/en\/wp-json\/wp\/v2\/comments?post=71"}],"version-history":[{"count":17,"href":"https:\/\/atelap.es\/en\/wp-json\/wp\/v2\/pages\/71\/revisions"}],"predecessor-version":[{"id":356,"href":"https:\/\/atelap.es\/en\/wp-json\/wp\/v2\/pages\/71\/revisions\/356"}],"wp:attachment":[{"href":"https:\/\/atelap.es\/en\/wp-json\/wp\/v2\/media?parent=71"}],"curies":[{"name":"wp","href":"https:\/\/api.w.org\/{rel}","templated":true}]}}